{"id":7670,"date":"2025-01-10T15:07:18","date_gmt":"2025-01-10T14:07:18","guid":{"rendered":"https:\/\/webdev1.zweip.at\/?page_id=7670"},"modified":"2025-01-10T15:16:55","modified_gmt":"2025-01-10T14:16:55","slug":"impressum","status":"publish","type":"page","link":"https:\/\/www.hinkerhof.at\/en\/impressum\/","title":{"rendered":"Impressum"},"content":{"rendered":"<div data-elementor-type=\"wp-page\" data-elementor-id=\"7670\" class=\"elementor elementor-7670\" data-elementor-post-type=\"page\">\n\t\t\t\t\t\t<section class=\"elementor-section elementor-top-section elementor-element elementor-element-df26b5c elementor-section-stretched elementor-section-content-middle elementor-section-height-min-height elementor-section-boxed elementor-section-height-default elementor-section-items-middle\" data-id=\"df26b5c\" data-element_type=\"section\" data-settings=\"{&quot;stretch_section&quot;:&quot;section-stretched&quot;,&quot;background_background&quot;:&quot;classic&quot;}\">\n\t\t\t\t\t\t\t<div class=\"elementor-background-overlay\"><\/div>\n\t\t\t\t\t\t\t<div class=\"elementor-container elementor-column-gap-default\">\n\t\t\t\t\t<div class=\"elementor-column elementor-col-100 elementor-top-column elementor-element elementor-element-20558a88\" data-id=\"20558a88\" data-element_type=\"column\" data-settings=\"{&quot;background_background&quot;:&quot;classic&quot;}\">\n\t\t\t<div class=\"elementor-widget-wrap elementor-element-populated\">\n\t\t\t\t\t\t\t<\/div>\n\t\t<\/div>\n\t\t\t\t\t<\/div>\n\t\t<\/section>\n\t\t\t\t<section class=\"elementor-section elementor-top-section elementor-element elementor-element-2bfe03a5 elementor-section-stretched elementor-section-boxed elementor-section-height-default elementor-section-height-default\" data-id=\"2bfe03a5\" data-element_type=\"section\" data-settings=\"{&quot;stretch_section&quot;:&quot;section-stretched&quot;,&quot;background_background&quot;:&quot;classic&quot;}\">\n\t\t\t\t\t\t\t<div class=\"elementor-background-overlay\"><\/div>\n\t\t\t\t\t\t\t<div class=\"elementor-container elementor-column-gap-default\">\n\t\t\t\t\t<div class=\"elementor-column elementor-col-100 elementor-top-column elementor-element elementor-element-c35a71c\" data-id=\"c35a71c\" data-element_type=\"column\">\n\t\t\t<div class=\"elementor-widget-wrap\">\n\t\t\t\t\t\t\t<\/div>\n\t\t<\/div>\n\t\t\t\t\t<\/div>\n\t\t<\/section>\n\t\t<div class=\"elementor-element elementor-element-45cb5ad e-flex e-con-boxed e-con e-parent\" data-id=\"45cb5ad\" data-element_type=\"container\">\n\t\t\t\t\t<div class=\"e-con-inner\">\n\t\t\t\t<div class=\"elementor-element elementor-element-1ed8e73 elementor-widget elementor-widget-text-editor\" data-id=\"1ed8e73\" data-element_type=\"widget\" data-widget_type=\"text-editor.default\">\n\t\t\t\t<div class=\"elementor-widget-container\">\n\t\t\t\t\t\t\t\t\t<h2><span style=\"font-family: arial, helvetica, sans-serif;\">Informationspflicht lt. ECG und Mediengsetz<br \/><br \/><\/span><\/h2><hr \/><h3><span style=\"font-family: arial, helvetica, sans-serif;\"><br \/>Medienunternehmer und Herausgeber<\/span><\/h3><p><span style=\"font-family: arial, helvetica, sans-serif;\"><strong><br \/>Appartmenthaus Hinkerhof<br \/><\/strong><\/span><span style=\"font-family: arial, helvetica, sans-serif;\">Firmenbuchgericht: Landesgericht Leoben<\/span><br \/><span style=\"font-family: arial, helvetica, sans-serif;\">Beh\u00f6rde gem. ECG: Bezirkshauptmannschaft Liezen<\/span><br \/><span style=\"font-family: arial, helvetica, sans-serif;\">Fachgruppe: Hotellerie<\/span><\/p><p><span style=\"font-family: arial, helvetica, sans-serif;\"><strong><br \/>Kontaktdaten:<\/strong><\/span><\/p><p><span style=\"font-family: arial, helvetica, sans-serif;\">Hinkerhof \/ Gerhard Pekoll<\/span><br \/><span style=\"font-family: arial, helvetica, sans-serif;\">Untere Klaus 332<\/span><br \/><span style=\"font-family: arial, helvetica, sans-serif;\">A-8970 Schladming<\/span><\/p><p><span style=\"font-family: arial, helvetica, sans-serif;\">Telefon: <a href=\"tel: +43 06646521326\">+43 (0) 664 \/ 652 13\u00a026<\/a> oder\u00a0<a href=\"tel: +4306649120975\">+43 (0) 664 \/ 912 09 75<\/a><\/span><br \/><span style=\"font-family: arial, helvetica, sans-serif;\">E-Mail:\u00a0<a href=\"mailto:info@hinkerhof.at\">info@hinkerhof.at<\/a><\/span><\/p><p><span style=\"font-family: arial, helvetica, sans-serif;\"><strong><br \/>Bilder\/Videonachweis:<\/strong><\/span><\/p><p><span style=\"font-family: arial, helvetica, sans-serif;\">Ausschnitt Video Mountainbike Downhill: \u00a0\u00a9 Plainai.at (<a href=\"https:\/\/www.youtube.com\/watch?v=bSDzEFCCP7M&amp;ab_channel=PlanaiTV\">https:\/\/www.youtube.com\/watch?v=bSDzEFCCP7M&amp;ab_channel=PlanaiTV<\/a>)<\/span><br \/><span style=\"font-family: arial, helvetica, sans-serif;\">Bilder: <a href=\"https:\/\/www.schladming-dachstein.at\/de\/\">Tourismusverband Schladming<\/a> bzw.\u00a0\u00a0Privates Archiv<\/span><\/p><p><span style=\"font-family: arial, helvetica, sans-serif;\"><strong><br \/>Webdesign \/ Entwicklung:<\/strong><\/span><\/p><p><span style=\"font-family: arial, helvetica, sans-serif;\"><a href=\"https:\/\/www.zweip.at\" target=\"_blank\" rel=\"noopener\">zweiP IT &amp; WEB Solutions<\/a><br \/><\/span><\/p><hr \/><h3><span style=\"font-family: arial, helvetica, sans-serif;\"><br \/>Rechtlicher Hinweis<\/span><\/h3><p><span style=\"font-family: arial, helvetica, sans-serif;\">Im Hinblick auf die technischen Eigenschaften des Internet kann keine Gew\u00e4hr f\u00fcr die Authentizit\u00e4t, Richtigkeit und Vollst\u00e4ndigkeit der im Internet zur Verf\u00fcgung gestellten Informationen \u00fcbernommen werden. Es wird auch keine Gew\u00e4hr f\u00fcr die Verf\u00fcgbarkeit oder den Betrieb der gegenst\u00e4ndlichen Webseite und ihrer Inhalte \u00fcbernommen.<br \/><br \/><\/span><\/p><p><span style=\"font-family: arial, helvetica, sans-serif;\">Jede Haftung f\u00fcr unmittelbare, mittelbare oder sonstige Sch\u00e4den, unabh\u00e4ngig von deren Ursachen, die aus der Benutzung oder Nichtverf\u00fcgbarkeit der Daten und Informationen dieser Homepage erwachsen, wird, soweit rechtlich zul\u00e4ssig, ausgeschlossen.<br \/><br \/><\/span><\/p><p><span style=\"font-family: arial, helvetica, sans-serif;\">Unser Angebot enth\u00e4lt Links zu externen Webseiten Dritter, auf deren Inhalte wir keinen Einfluss haben. Deshalb k\u00f6nnen wir f\u00fcr diese fremden Inhalte auch keine Gew\u00e4hr \u00fcbernehmen. F\u00fcr die Inhalte der verlinkten Seiten ist stets der jeweilige Anbieter oder Betreiber der Seiten verantwortlich. Die verlinkten Seiten wurden zum Zeitpunkt der Verlinkung auf m\u00f6gliche Rechtsverst\u00f6\u00dfe \u00fcberpr\u00fcft. Rechtswidrige Inhalte waren zum Zeitpunkt der Verlinkung nicht erkennbar.<br \/><br \/><\/span><\/p><p><span style=\"font-family: arial, helvetica, sans-serif;\">Der Inhalt dieser Webseite ist urheberrechtlich gesch\u00fctzt.<\/span><\/p><p><br \/><br \/><br \/><\/p><p>\u00a0<\/p><p>\u00a0<\/p>\t\t\t\t\t\t\t\t<\/div>\n\t\t\t\t<\/div>\n\t\t\t\t\t<\/div>\n\t\t\t\t<\/div>\n\t\t\t\t<\/div>","protected":false},"excerpt":{"rendered":"<p>Informationspflicht lt. ECG und Mediengsetz Medienunternehmer und Herausgeber Appartmenthaus HinkerhofFirmenbuchgericht: Landesgericht LeobenBeh\u00f6rde gem. ECG: Bezirkshauptmannschaft LiezenFachgruppe: Hotellerie Kontaktdaten: Hinkerhof \/ Gerhard PekollUntere Klaus 332A-8970 Schladming Telefon: +43 (0) 664 \/ 652 13\u00a026 oder\u00a0+43 (0) 664 \/ 912 09 75E-Mail:\u00a0info@hinkerhof.at Bilder\/Videonachweis: Ausschnitt Video Mountainbike Downhill: \u00a0\u00a9 Plainai.at (https:\/\/www.youtube.com\/watch?v=bSDzEFCCP7M&amp;ab_channel=PlanaiTV)Bilder: Tourismusverband Schladming bzw.\u00a0\u00a0Privates Archiv Webdesign \/ Entwicklung: zweiP [&hellip;]<\/p>\n","protected":false},"author":1,"featured_media":0,"parent":0,"menu_order":16,"comment_status":"closed","ping_status":"closed","template":"","meta":{"footnotes":""},"class_list":["post-7670","page","type-page","status-publish","hentry"],"_links":{"self":[{"href":"https:\/\/www.hinkerhof.at\/en\/wp-json\/wp\/v2\/pages\/7670","targetHints":{"allow":["GET"]}}],"collection":[{"href":"https:\/\/www.hinkerhof.at\/en\/wp-json\/wp\/v2\/pages"}],"about":[{"href":"https:\/\/www.hinkerhof.at\/en\/wp-json\/wp\/v2\/types\/page"}],"author":[{"embeddable":true,"href":"https:\/\/www.hinkerhof.at\/en\/wp-json\/wp\/v2\/users\/1"}],"replies":[{"embeddable":true,"href":"https:\/\/www.hinkerhof.at\/en\/wp-json\/wp\/v2\/comments?post=7670"}],"version-history":[{"count":13,"href":"https:\/\/www.hinkerhof.at\/en\/wp-json\/wp\/v2\/pages\/7670\/revisions"}],"predecessor-version":[{"id":7685,"href":"https:\/\/www.hinkerhof.at\/en\/wp-json\/wp\/v2\/pages\/7670\/revisions\/7685"}],"wp:attachment":[{"href":"https:\/\/www.hinkerhof.at\/en\/wp-json\/wp\/v2\/media?parent=7670"}],"curies":[{"name":"wp","href":"https:\/\/api.w.org\/{rel}","templated":true}]}}